{"id":681,"date":"2025-12-23T20:10:41","date_gmt":"2025-12-23T20:10:41","guid":{"rendered":"https:\/\/saskiahouben.nl\/?page_id=681"},"modified":"2025-12-23T20:23:34","modified_gmt":"2025-12-23T20:23:34","slug":"en-wat-als-het-wel-lukt","status":"publish","type":"page","link":"https:\/\/saskiahouben.nl\/index.php\/en-wat-als-het-wel-lukt\/","title":{"rendered":"En wat als het w\u00e9l lukt?"},"content":{"rendered":"\n<p>Terugblikken, dat doe ik meestal niet actief. Ik kijk liever vooruit. Maar vandaag tijdens een fietsrit overviel het me in \u00e9\u00e9n keer. Wat was het weer een jaar. En het is goed, het is m\u00e9\u00e9r dan ik drie jaar geleden in het ziekenhuis wilde. Toen wilde ik \u2018alleen maar naar huis\u2019. Elke dag, maandenlang. En zie me nu eens\u2026. Ik fiets. Ik werk. Ik leef. Alsof het niets is. Maar het is niet niets. Het is \u00e1lles en daar ben ik enorm dankbaar voor. Ik wil m\u00e9\u00e9r en kan jouw hulp daarbij gebruiken.<\/p>\n\n\n\n<p>Na mijn knieoperatie begin dit jaar ging ik fietsen in plaats van hardlopen, terwijl dat met balansproblemen op papier geen best idee is. Het sluit wel aan bij mijn motto \u2018gewoon doen\u2019. Van dat motto is van alles van te vinden. Doseren en me neerleggen bij dingen is nu eenmaal niet mijn sterkste kant, terwijl MS dat wel van me vraagt.<\/p>\n\n\n\n<p>Tijdens een tussenstop vandaag keek ik uit over de Rijn en moest huilen van geluk. Het feit dat ik me niet neerleg bij de situatie heeft me zo veel gebracht. Berusten, ja. Neerleggen, nee.<\/p>\n\n\n\n<p>Priv\u00e9 niet, maar ook op mijn werk niet. Afgelopen jaar nam ik gedeeltelijk ontslag nadat ik voor 76% werd afgekeurd. In het nieuwe jaar ga ik toch weer klassikaal lesgeven, terwijl dat op papier \u00f3\u00f3k niet het beste idee is. Sterker nog; in mijn personeelsdossier staat dat ik dat niet meer kan. Maar ik ga het t\u00f3ch doen. Spannend? Enorm! Gesteund door de beste collega\u2019s ga ik het proberen. Wanneer het niet lukt weet ik dat ook weer. Maar wat als het w\u00e9l lukt\u2026?<\/p>\n\n\n\n<p>Veranderen is ook uitproberen en het mag mislukken. Door mijn ambitie uit te spreken ga ik het gewoon proberen. Met een beetje hulp van collega\u2019s. En dan is er nog die \u00e1ndere ambitie. Spreken over verandering, tegenslag, veerkracht. Hiermee wil ik geld inzamelen voor het goede MS-doel.<\/p>\n\n\n\n<p>Het verhaal staat. Ik weet dat het raakt, inspireert en tot actie aanzet. Nu nog een podium. Want ik ga ook dit gewoon doen.<\/p>\n\n\n\n<p><em>December 2025<\/em><\/p>\n","protected":false},"excerpt":{"rendered":"<p>Terugblikken, dat doe ik meestal niet actief. Ik kijk liever vooruit. Maar vandaag tijdens een fietsrit overviel het me in \u00e9\u00e9n keer. Wat was het weer een jaar. En het is goed, het is m\u00e9\u00e9r dan ik drie jaar geleden in het ziekenhuis wilde. Toen wilde ik \u2018alleen maar naar huis\u2019. Elke dag, maandenlang. En [&hellip;]<\/p>\n","protected":false},"author":1,"featured_media":0,"parent":0,"menu_order":0,"comment_status":"closed","ping_status":"closed","template":"en-wat-als-het-w-l-lukt","meta":{"footnotes":""},"class_list":["post-681","page","type-page","status-publish","hentry"],"yoast_head":"<!-- This site is optimized with the Yoast SEO plugin v27.4 - https:\/\/yoast.com\/product\/yoast-seo-wordpress\/ -->\n<title>En wat als het w\u00e9l lukt? - Saskia Houben<\/title>\n<meta name=\"robots\" content=\"index, follow, max-snippet:-1, max-image-preview:large, max-video-preview:-1\" \/>\n<link rel=\"canonical\" href=\"https:\/\/saskiahouben.nl\/index.php\/en-wat-als-het-wel-lukt\/\" \/>\n<meta property=\"og:locale\" content=\"nl_NL\" \/>\n<meta property=\"og:type\" content=\"article\" \/>\n<meta property=\"og:title\" content=\"En wat als het w\u00e9l lukt? - Saskia Houben\" \/>\n<meta property=\"og:description\" content=\"Terugblikken, dat doe ik meestal niet actief. Ik kijk liever vooruit. Maar vandaag tijdens een fietsrit overviel het me in \u00e9\u00e9n keer. Wat was het weer een jaar. En het is goed, het is m\u00e9\u00e9r dan ik drie jaar geleden in het ziekenhuis wilde. Toen wilde ik \u2018alleen maar naar huis\u2019. Elke dag, maandenlang. En [&hellip;]\" \/>\n<meta property=\"og:url\" content=\"https:\/\/saskiahouben.nl\/index.php\/en-wat-als-het-wel-lukt\/\" \/>\n<meta property=\"og:site_name\" content=\"Saskia Houben\" \/>\n<meta property=\"article:modified_time\" content=\"2025-12-23T20:23:34+00:00\" \/>\n<meta name=\"twitter:card\" content=\"summary_large_image\" \/>\n<meta name=\"twitter:label1\" content=\"Geschatte leestijd\" \/>\n\t<meta name=\"twitter:data1\" content=\"2 minuten\" \/>\n<script type=\"application\/ld+json\" class=\"yoast-schema-graph\">{\"@context\":\"https:\\\/\\\/schema.org\",\"@graph\":[{\"@type\":\"WebPage\",\"@id\":\"https:\\\/\\\/saskiahouben.nl\\\/index.php\\\/en-wat-als-het-wel-lukt\\\/\",\"url\":\"https:\\\/\\\/saskiahouben.nl\\\/index.php\\\/en-wat-als-het-wel-lukt\\\/\",\"name\":\"En wat als het w\u00e9l lukt? - Saskia Houben\",\"isPartOf\":{\"@id\":\"https:\\\/\\\/saskiahouben.nl\\\/#website\"},\"datePublished\":\"2025-12-23T20:10:41+00:00\",\"dateModified\":\"2025-12-23T20:23:34+00:00\",\"breadcrumb\":{\"@id\":\"https:\\\/\\\/saskiahouben.nl\\\/index.php\\\/en-wat-als-het-wel-lukt\\\/#breadcrumb\"},\"inLanguage\":\"nl-NL\",\"potentialAction\":[{\"@type\":\"ReadAction\",\"target\":[\"https:\\\/\\\/saskiahouben.nl\\\/index.php\\\/en-wat-als-het-wel-lukt\\\/\"]}]},{\"@type\":\"BreadcrumbList\",\"@id\":\"https:\\\/\\\/saskiahouben.nl\\\/index.php\\\/en-wat-als-het-wel-lukt\\\/#breadcrumb\",\"itemListElement\":[{\"@type\":\"ListItem\",\"position\":1,\"name\":\"Home\",\"item\":\"https:\\\/\\\/saskiahouben.nl\\\/\"},{\"@type\":\"ListItem\",\"position\":2,\"name\":\"En wat als het w\u00e9l lukt?\"}]},{\"@type\":\"WebSite\",\"@id\":\"https:\\\/\\\/saskiahouben.nl\\\/#website\",\"url\":\"https:\\\/\\\/saskiahouben.nl\\\/\",\"name\":\"Saskia Houben\",\"description\":\"\",\"publisher\":{\"@id\":\"https:\\\/\\\/saskiahouben.nl\\\/#\\\/schema\\\/person\\\/f1ecfba86fe8b6b274afe04c260ca210\"},\"potentialAction\":[{\"@type\":\"SearchAction\",\"target\":{\"@type\":\"EntryPoint\",\"urlTemplate\":\"https:\\\/\\\/saskiahouben.nl\\\/?s={search_term_string}\"},\"query-input\":{\"@type\":\"PropertyValueSpecification\",\"valueRequired\":true,\"valueName\":\"search_term_string\"}}],\"inLanguage\":\"nl-NL\"},{\"@type\":[\"Person\",\"Organization\"],\"@id\":\"https:\\\/\\\/saskiahouben.nl\\\/#\\\/schema\\\/person\\\/f1ecfba86fe8b6b274afe04c260ca210\",\"name\":\"admin\",\"image\":{\"@type\":\"ImageObject\",\"inLanguage\":\"nl-NL\",\"@id\":\"https:\\\/\\\/saskiahouben.nl\\\/wp-content\\\/uploads\\\/2025\\\/03\\\/3.webp\",\"url\":\"https:\\\/\\\/saskiahouben.nl\\\/wp-content\\\/uploads\\\/2025\\\/03\\\/3.webp\",\"contentUrl\":\"https:\\\/\\\/saskiahouben.nl\\\/wp-content\\\/uploads\\\/2025\\\/03\\\/3.webp\",\"width\":1584,\"height\":396,\"caption\":\"admin\"},\"logo\":{\"@id\":\"https:\\\/\\\/saskiahouben.nl\\\/wp-content\\\/uploads\\\/2025\\\/03\\\/3.webp\"},\"sameAs\":[\"https:\\\/\\\/saskiahouben.nl\"]}]}<\/script>\n<!-- \/ Yoast SEO plugin. -->","yoast_head_json":{"title":"En wat als het w\u00e9l lukt? - Saskia Houben","robots":{"index":"index","follow":"follow","max-snippet":"max-snippet:-1","max-image-preview":"max-image-preview:large","max-video-preview":"max-video-preview:-1"},"canonical":"https:\/\/saskiahouben.nl\/index.php\/en-wat-als-het-wel-lukt\/","og_locale":"nl_NL","og_type":"article","og_title":"En wat als het w\u00e9l lukt? - Saskia Houben","og_description":"Terugblikken, dat doe ik meestal niet actief. Ik kijk liever vooruit. Maar vandaag tijdens een fietsrit overviel het me in \u00e9\u00e9n keer. Wat was het weer een jaar. En het is goed, het is m\u00e9\u00e9r dan ik drie jaar geleden in het ziekenhuis wilde. Toen wilde ik \u2018alleen maar naar huis\u2019. Elke dag, maandenlang. En [&hellip;]","og_url":"https:\/\/saskiahouben.nl\/index.php\/en-wat-als-het-wel-lukt\/","og_site_name":"Saskia Houben","article_modified_time":"2025-12-23T20:23:34+00:00","twitter_card":"summary_large_image","twitter_misc":{"Geschatte leestijd":"2 minuten"},"schema":{"@context":"https:\/\/schema.org","@graph":[{"@type":"WebPage","@id":"https:\/\/saskiahouben.nl\/index.php\/en-wat-als-het-wel-lukt\/","url":"https:\/\/saskiahouben.nl\/index.php\/en-wat-als-het-wel-lukt\/","name":"En wat als het w\u00e9l lukt? - Saskia Houben","isPartOf":{"@id":"https:\/\/saskiahouben.nl\/#website"},"datePublished":"2025-12-23T20:10:41+00:00","dateModified":"2025-12-23T20:23:34+00:00","breadcrumb":{"@id":"https:\/\/saskiahouben.nl\/index.php\/en-wat-als-het-wel-lukt\/#breadcrumb"},"inLanguage":"nl-NL","potentialAction":[{"@type":"ReadAction","target":["https:\/\/saskiahouben.nl\/index.php\/en-wat-als-het-wel-lukt\/"]}]},{"@type":"BreadcrumbList","@id":"https:\/\/saskiahouben.nl\/index.php\/en-wat-als-het-wel-lukt\/#breadcrumb","itemListElement":[{"@type":"ListItem","position":1,"name":"Home","item":"https:\/\/saskiahouben.nl\/"},{"@type":"ListItem","position":2,"name":"En wat als het w\u00e9l lukt?"}]},{"@type":"WebSite","@id":"https:\/\/saskiahouben.nl\/#website","url":"https:\/\/saskiahouben.nl\/","name":"Saskia Houben","description":"","publisher":{"@id":"https:\/\/saskiahouben.nl\/#\/schema\/person\/f1ecfba86fe8b6b274afe04c260ca210"},"potentialAction":[{"@type":"SearchAction","target":{"@type":"EntryPoint","urlTemplate":"https:\/\/saskiahouben.nl\/?s={search_term_string}"},"query-input":{"@type":"PropertyValueSpecification","valueRequired":true,"valueName":"search_term_string"}}],"inLanguage":"nl-NL"},{"@type":["Person","Organization"],"@id":"https:\/\/saskiahouben.nl\/#\/schema\/person\/f1ecfba86fe8b6b274afe04c260ca210","name":"admin","image":{"@type":"ImageObject","inLanguage":"nl-NL","@id":"https:\/\/saskiahouben.nl\/wp-content\/uploads\/2025\/03\/3.webp","url":"https:\/\/saskiahouben.nl\/wp-content\/uploads\/2025\/03\/3.webp","contentUrl":"https:\/\/saskiahouben.nl\/wp-content\/uploads\/2025\/03\/3.webp","width":1584,"height":396,"caption":"admin"},"logo":{"@id":"https:\/\/saskiahouben.nl\/wp-content\/uploads\/2025\/03\/3.webp"},"sameAs":["https:\/\/saskiahouben.nl"]}]}},"_links":{"self":[{"href":"https:\/\/saskiahouben.nl\/index.php\/wp-json\/wp\/v2\/pages\/681","targetHints":{"allow":["GET"]}}],"collection":[{"href":"https:\/\/saskiahouben.nl\/index.php\/wp-json\/wp\/v2\/pages"}],"about":[{"href":"https:\/\/saskiahouben.nl\/index.php\/wp-json\/wp\/v2\/types\/page"}],"author":[{"embeddable":true,"href":"https:\/\/saskiahouben.nl\/index.php\/wp-json\/wp\/v2\/users\/1"}],"replies":[{"embeddable":true,"href":"https:\/\/saskiahouben.nl\/index.php\/wp-json\/wp\/v2\/comments?post=681"}],"version-history":[{"count":3,"href":"https:\/\/saskiahouben.nl\/index.php\/wp-json\/wp\/v2\/pages\/681\/revisions"}],"predecessor-version":[{"id":690,"href":"https:\/\/saskiahouben.nl\/index.php\/wp-json\/wp\/v2\/pages\/681\/revisions\/690"}],"wp:attachment":[{"href":"https:\/\/saskiahouben.nl\/index.php\/wp-json\/wp\/v2\/media?parent=681"}],"curies":[{"name":"wp","href":"https:\/\/api.w.org\/{rel}","templated":true}]}}