{"id":286,"date":"2025-03-31T14:20:47","date_gmt":"2025-03-31T14:20:47","guid":{"rendered":"https:\/\/saskiahouben.nl\/?page_id=286"},"modified":"2025-04-24T07:49:15","modified_gmt":"2025-04-24T07:49:15","slug":"hoe-transparantie-het-echte-leven-blootlegt","status":"publish","type":"page","link":"https:\/\/saskiahouben.nl\/index.php\/hoe-transparantie-het-echte-leven-blootlegt\/","title":{"rendered":"Hoe transparantie het \u00e9chte leven blootlegt"},"content":{"rendered":"\n<div class=\"wp-block-superb-addons-cover-image\"><div class=\"superbaddons-coverimage-block\" style=\"border-radius:0%;min-height:400px;background-image:url(https:\/\/saskiahouben.nl\/wp-content\/uploads\/2025\/03\/transparantie-scaled.webp);background-position:50% 50%;background-size:cover;background-repeat:no-repeat\"><\/div><\/div>\n\n\n\n<p>Ik ben open over mijn leven met <strong>Multiple Sclerose (MS)<\/strong>. Ik deel wat me bezighoudt en welke uitdagingen ik tegenkom. In de eerste plaats doe ik dat voor mezelf. Door zichtbaar te maken waar ik tegenaan loop, kunnen anderen daar \u2013 als ze willen \u2013 rekening mee houden. Dat maakt mijn leven net wat makkelijker.<\/p>\n\n\n\n<p>Wat ik heb gemerkt? Door eerlijk te zijn over mijn chronische ziekte en me kwetsbaar op te stellen, komen ook de verhalen van anderen naar mij toe. Alleen al afgelopen week had ik vier bijzondere gesprekken met mensen die \u2013 net als ik \u2013 iets meedragen. Hun verhalen gingen over <strong>Long Covid<\/strong>, <strong>de ziekte van Huntington<\/strong>, <strong>Graves<\/strong> en nog een andere onzichtbare aandoening.<\/p>\n\n\n\n<p>Wat we gemeen hebben? Je ziet het niet. We zien eruit als \u2018normale\u2019 mensen. Maar achter de glimlach schuilt vaak iets wat niet zichtbaar is.<\/p>\n\n\n\n<p>Ik help mezelf door open te zijn. Ik kan niet van anderen verwachten dat ze rekening met me houden als ze niet weten wat er speelt. Dus zal \u00edk moeten aangeven waar mijn grenzen en behoeften liggen. En dat begint met durven delen.<\/p>\n\n\n\n<p>Wat dat met mij doet? Het zorgt voor <strong>verbinding<\/strong>. Het maakt zichtbaar dat er z\u00f3veel mensen zijn die \u2013 op welke manier dan ook \u2013 lijden. Op het schoolplein. Op het werk. Online. Dat besef maakt mij minder eenzaam. Ik ben niet alleen. Dat weet ik, maar d\u00e1n v\u00f3\u00e9l ik het ook.<\/p>\n\n\n\n<p>Het leven is niet maakbaar. Het overkomt je. En vaak is het gewoon dikke pech wanneer je met iets naars geconfronteerd wordt. Maar <strong>lijden<\/strong>, of beter gezegd: leren omgaan met je situatie, hoort bij het leven.<\/p>\n\n\n\n<p>Toch twijfel ik vaak bij nieuwe contacten: deel ik het wel of niet? Want ik b\u00e9n meer dan mijn MS.<\/p>\n\n\n\n<p>Maar steeds weer levert openheid iets moois op. Dat hoor ik ook terug van anderen met een <strong>chronische aandoening<\/strong>.<\/p>\n\n\n\n<p>Ik maak van mijn beperking mijn kracht. Als mijn verhaal bijdraagt aan <strong>meer herkenning<\/strong>, <strong>minder eenzaamheid<\/strong> en een <strong>inclusievere samenleving<\/strong>, dan pak ik die kans. Vol overtuiging.<\/p>\n\n\n\t<div id=\"respond\" class=\"comment-respond wp-block-post-comments-form\">\n\t\t<h3 id=\"reply-title\" class=\"comment-reply-title\">Geef een reactie <small><a rel=\"nofollow\" id=\"cancel-comment-reply-link\" href=\"\/index.php\/wp-json\/wp\/v2\/pages\/286#respond\" style=\"display:none;\">Reactie annuleren<\/a><\/small><\/h3><form action=\"https:\/\/saskiahouben.nl\/wp-comments-post.php\" method=\"post\" id=\"commentform\" class=\"comment-form\"><p class=\"comment-notes\"><span id=\"email-notes\">Je e-mailadres wordt niet gepubliceerd.<\/span> <span class=\"required-field-message\">Vereiste velden zijn gemarkeerd met <span class=\"required\">*<\/span><\/span><\/p><p class=\"comment-form-comment\"><label for=\"comment\">Reactie <span class=\"required\">*<\/span><\/label> <textarea id=\"comment\" name=\"comment\" cols=\"45\" rows=\"8\" maxlength=\"65525\" required><\/textarea><\/p><p class=\"comment-form-author\"><label for=\"author\">Naam <span class=\"required\">*<\/span><\/label> <input id=\"author\" name=\"author\" type=\"text\" value=\"\" size=\"30\" maxlength=\"245\" autocomplete=\"name\" required \/><\/p>\n<p class=\"comment-form-email\"><label for=\"email\">E-mail <span class=\"required\">*<\/span><\/label> <input id=\"email\" name=\"email\" type=\"email\" value=\"\" size=\"30\" maxlength=\"100\" aria-describedby=\"email-notes\" autocomplete=\"email\" required \/><\/p>\n<p class=\"comment-form-url\"><label for=\"url\">Site<\/label> <input id=\"url\" name=\"url\" type=\"url\" value=\"\" size=\"30\" maxlength=\"200\" autocomplete=\"url\" \/><\/p>\n<p class=\"comment-form-cookies-consent\"><input id=\"wp-comment-cookies-consent\" name=\"wp-comment-cookies-consent\" type=\"checkbox\" value=\"yes\" \/> <label for=\"wp-comment-cookies-consent\">Mijn naam, e-mail en site opslaan in deze browser voor de volgende keer wanneer ik een reactie plaats.<\/label><\/p>\n<p class=\"form-submit wp-block-button\"><input name=\"submit\" type=\"submit\" id=\"submit\" class=\"wp-block-button__link wp-element-button\" value=\"Reactie plaatsen\" \/> <input type='hidden' name='comment_post_ID' value='286' id='comment_post_ID' \/>\n<input type='hidden' name='comment_parent' id='comment_parent' value='0' \/>\n<\/p><\/form>\t<\/div><!-- #respond -->\n\t","protected":false},"excerpt":{"rendered":"<p>Ik ben open over mijn leven met Multiple Sclerose (MS). Ik deel wat me bezighoudt en welke uitdagingen ik tegenkom. In de eerste plaats doe ik dat voor mezelf. Door zichtbaar te maken waar ik tegenaan loop, kunnen anderen daar \u2013 als ze willen \u2013 rekening mee houden. Dat maakt mijn leven net wat makkelijker. [&hellip;]<\/p>\n","protected":false},"author":1,"featured_media":0,"parent":0,"menu_order":0,"comment_status":"open","ping_status":"closed","template":"","meta":{"footnotes":""},"class_list":["post-286","page","type-page","status-publish","hentry"],"yoast_head":"<!-- This site is optimized with the Yoast SEO plugin v27.4 - https:\/\/yoast.com\/product\/yoast-seo-wordpress\/ -->\n<title>Hoe transparantie het \u00e9chte leven blootlegt - Saskia Houben<\/title>\n<meta name=\"description\" content=\"Openheid over leven met MS brengt verbinding, herkenning en minder eenzaamheid. Waarom kwetsbaarheid juist krachtig is.\" \/>\n<meta name=\"robots\" content=\"index, follow, max-snippet:-1, max-image-preview:large, max-video-preview:-1\" \/>\n<link rel=\"canonical\" href=\"https:\/\/saskiahouben.nl\/index.php\/hoe-transparantie-het-echte-leven-blootlegt\/\" \/>\n<meta property=\"og:locale\" content=\"nl_NL\" \/>\n<meta property=\"og:type\" content=\"article\" \/>\n<meta property=\"og:title\" content=\"Hoe transparantie het \u00e9chte leven blootlegt - Saskia Houben\" \/>\n<meta property=\"og:description\" content=\"Openheid over leven met MS brengt verbinding, herkenning en minder eenzaamheid. Waarom kwetsbaarheid juist krachtig is.\" \/>\n<meta property=\"og:url\" content=\"https:\/\/saskiahouben.nl\/index.php\/hoe-transparantie-het-echte-leven-blootlegt\/\" \/>\n<meta property=\"og:site_name\" content=\"Saskia Houben\" \/>\n<meta property=\"article:modified_time\" content=\"2025-04-24T07:49:15+00:00\" \/>\n<meta name=\"twitter:card\" content=\"summary_large_image\" \/>\n<meta name=\"twitter:label1\" content=\"Geschatte leestijd\" \/>\n\t<meta name=\"twitter:data1\" content=\"2 minuten\" \/>\n<script type=\"application\/ld+json\" class=\"yoast-schema-graph\">{\"@context\":\"https:\\\/\\\/schema.org\",\"@graph\":[{\"@type\":\"WebPage\",\"@id\":\"https:\\\/\\\/saskiahouben.nl\\\/index.php\\\/hoe-transparantie-het-echte-leven-blootlegt\\\/\",\"url\":\"https:\\\/\\\/saskiahouben.nl\\\/index.php\\\/hoe-transparantie-het-echte-leven-blootlegt\\\/\",\"name\":\"Hoe transparantie het \u00e9chte leven blootlegt - Saskia Houben\",\"isPartOf\":{\"@id\":\"https:\\\/\\\/saskiahouben.nl\\\/#website\"},\"datePublished\":\"2025-03-31T14:20:47+00:00\",\"dateModified\":\"2025-04-24T07:49:15+00:00\",\"description\":\"Openheid over leven met MS brengt verbinding, herkenning en minder eenzaamheid. Waarom kwetsbaarheid juist krachtig is.\",\"breadcrumb\":{\"@id\":\"https:\\\/\\\/saskiahouben.nl\\\/index.php\\\/hoe-transparantie-het-echte-leven-blootlegt\\\/#breadcrumb\"},\"inLanguage\":\"nl-NL\",\"potentialAction\":[{\"@type\":\"ReadAction\",\"target\":[\"https:\\\/\\\/saskiahouben.nl\\\/index.php\\\/hoe-transparantie-het-echte-leven-blootlegt\\\/\"]}]},{\"@type\":\"BreadcrumbList\",\"@id\":\"https:\\\/\\\/saskiahouben.nl\\\/index.php\\\/hoe-transparantie-het-echte-leven-blootlegt\\\/#breadcrumb\",\"itemListElement\":[{\"@type\":\"ListItem\",\"position\":1,\"name\":\"Home\",\"item\":\"https:\\\/\\\/saskiahouben.nl\\\/\"},{\"@type\":\"ListItem\",\"position\":2,\"name\":\"Hoe transparantie het \u00e9chte leven blootlegt\"}]},{\"@type\":\"WebSite\",\"@id\":\"https:\\\/\\\/saskiahouben.nl\\\/#website\",\"url\":\"https:\\\/\\\/saskiahouben.nl\\\/\",\"name\":\"Saskia Houben\",\"description\":\"\",\"publisher\":{\"@id\":\"https:\\\/\\\/saskiahouben.nl\\\/#\\\/schema\\\/person\\\/f1ecfba86fe8b6b274afe04c260ca210\"},\"potentialAction\":[{\"@type\":\"SearchAction\",\"target\":{\"@type\":\"EntryPoint\",\"urlTemplate\":\"https:\\\/\\\/saskiahouben.nl\\\/?s={search_term_string}\"},\"query-input\":{\"@type\":\"PropertyValueSpecification\",\"valueRequired\":true,\"valueName\":\"search_term_string\"}}],\"inLanguage\":\"nl-NL\"},{\"@type\":[\"Person\",\"Organization\"],\"@id\":\"https:\\\/\\\/saskiahouben.nl\\\/#\\\/schema\\\/person\\\/f1ecfba86fe8b6b274afe04c260ca210\",\"name\":\"admin\",\"image\":{\"@type\":\"ImageObject\",\"inLanguage\":\"nl-NL\",\"@id\":\"https:\\\/\\\/saskiahouben.nl\\\/wp-content\\\/uploads\\\/2025\\\/03\\\/3.webp\",\"url\":\"https:\\\/\\\/saskiahouben.nl\\\/wp-content\\\/uploads\\\/2025\\\/03\\\/3.webp\",\"contentUrl\":\"https:\\\/\\\/saskiahouben.nl\\\/wp-content\\\/uploads\\\/2025\\\/03\\\/3.webp\",\"width\":1584,\"height\":396,\"caption\":\"admin\"},\"logo\":{\"@id\":\"https:\\\/\\\/saskiahouben.nl\\\/wp-content\\\/uploads\\\/2025\\\/03\\\/3.webp\"},\"sameAs\":[\"https:\\\/\\\/saskiahouben.nl\"]}]}<\/script>\n<!-- \/ Yoast SEO plugin. -->","yoast_head_json":{"title":"Hoe transparantie het \u00e9chte leven blootlegt - Saskia Houben","description":"Openheid over leven met MS brengt verbinding, herkenning en minder eenzaamheid. Waarom kwetsbaarheid juist krachtig is.","robots":{"index":"index","follow":"follow","max-snippet":"max-snippet:-1","max-image-preview":"max-image-preview:large","max-video-preview":"max-video-preview:-1"},"canonical":"https:\/\/saskiahouben.nl\/index.php\/hoe-transparantie-het-echte-leven-blootlegt\/","og_locale":"nl_NL","og_type":"article","og_title":"Hoe transparantie het \u00e9chte leven blootlegt - Saskia Houben","og_description":"Openheid over leven met MS brengt verbinding, herkenning en minder eenzaamheid. Waarom kwetsbaarheid juist krachtig is.","og_url":"https:\/\/saskiahouben.nl\/index.php\/hoe-transparantie-het-echte-leven-blootlegt\/","og_site_name":"Saskia Houben","article_modified_time":"2025-04-24T07:49:15+00:00","twitter_card":"summary_large_image","twitter_misc":{"Geschatte leestijd":"2 minuten"},"schema":{"@context":"https:\/\/schema.org","@graph":[{"@type":"WebPage","@id":"https:\/\/saskiahouben.nl\/index.php\/hoe-transparantie-het-echte-leven-blootlegt\/","url":"https:\/\/saskiahouben.nl\/index.php\/hoe-transparantie-het-echte-leven-blootlegt\/","name":"Hoe transparantie het \u00e9chte leven blootlegt - Saskia Houben","isPartOf":{"@id":"https:\/\/saskiahouben.nl\/#website"},"datePublished":"2025-03-31T14:20:47+00:00","dateModified":"2025-04-24T07:49:15+00:00","description":"Openheid over leven met MS brengt verbinding, herkenning en minder eenzaamheid. Waarom kwetsbaarheid juist krachtig is.","breadcrumb":{"@id":"https:\/\/saskiahouben.nl\/index.php\/hoe-transparantie-het-echte-leven-blootlegt\/#breadcrumb"},"inLanguage":"nl-NL","potentialAction":[{"@type":"ReadAction","target":["https:\/\/saskiahouben.nl\/index.php\/hoe-transparantie-het-echte-leven-blootlegt\/"]}]},{"@type":"BreadcrumbList","@id":"https:\/\/saskiahouben.nl\/index.php\/hoe-transparantie-het-echte-leven-blootlegt\/#breadcrumb","itemListElement":[{"@type":"ListItem","position":1,"name":"Home","item":"https:\/\/saskiahouben.nl\/"},{"@type":"ListItem","position":2,"name":"Hoe transparantie het \u00e9chte leven blootlegt"}]},{"@type":"WebSite","@id":"https:\/\/saskiahouben.nl\/#website","url":"https:\/\/saskiahouben.nl\/","name":"Saskia Houben","description":"","publisher":{"@id":"https:\/\/saskiahouben.nl\/#\/schema\/person\/f1ecfba86fe8b6b274afe04c260ca210"},"potentialAction":[{"@type":"SearchAction","target":{"@type":"EntryPoint","urlTemplate":"https:\/\/saskiahouben.nl\/?s={search_term_string}"},"query-input":{"@type":"PropertyValueSpecification","valueRequired":true,"valueName":"search_term_string"}}],"inLanguage":"nl-NL"},{"@type":["Person","Organization"],"@id":"https:\/\/saskiahouben.nl\/#\/schema\/person\/f1ecfba86fe8b6b274afe04c260ca210","name":"admin","image":{"@type":"ImageObject","inLanguage":"nl-NL","@id":"https:\/\/saskiahouben.nl\/wp-content\/uploads\/2025\/03\/3.webp","url":"https:\/\/saskiahouben.nl\/wp-content\/uploads\/2025\/03\/3.webp","contentUrl":"https:\/\/saskiahouben.nl\/wp-content\/uploads\/2025\/03\/3.webp","width":1584,"height":396,"caption":"admin"},"logo":{"@id":"https:\/\/saskiahouben.nl\/wp-content\/uploads\/2025\/03\/3.webp"},"sameAs":["https:\/\/saskiahouben.nl"]}]}},"_links":{"self":[{"href":"https:\/\/saskiahouben.nl\/index.php\/wp-json\/wp\/v2\/pages\/286","targetHints":{"allow":["GET"]}}],"collection":[{"href":"https:\/\/saskiahouben.nl\/index.php\/wp-json\/wp\/v2\/pages"}],"about":[{"href":"https:\/\/saskiahouben.nl\/index.php\/wp-json\/wp\/v2\/types\/page"}],"author":[{"embeddable":true,"href":"https:\/\/saskiahouben.nl\/index.php\/wp-json\/wp\/v2\/users\/1"}],"replies":[{"embeddable":true,"href":"https:\/\/saskiahouben.nl\/index.php\/wp-json\/wp\/v2\/comments?post=286"}],"version-history":[{"count":3,"href":"https:\/\/saskiahouben.nl\/index.php\/wp-json\/wp\/v2\/pages\/286\/revisions"}],"predecessor-version":[{"id":437,"href":"https:\/\/saskiahouben.nl\/index.php\/wp-json\/wp\/v2\/pages\/286\/revisions\/437"}],"wp:attachment":[{"href":"https:\/\/saskiahouben.nl\/index.php\/wp-json\/wp\/v2\/media?parent=286"}],"curies":[{"name":"wp","href":"https:\/\/api.w.org\/{rel}","templated":true}]}}